{"id":23630,"date":"2022-08-10T21:07:54","date_gmt":"2022-08-10T21:07:54","guid":{"rendered":"https:\/\/kliffkante-usedom.de\/?page_id=23630"},"modified":"2022-08-11T07:50:27","modified_gmt":"2022-08-11T07:50:27","slug":"bildergalerie","status":"publish","type":"page","link":"https:\/\/kliffkante-usedom.de\/?page_id=23630","title":{"rendered":"Impressionen"},"content":{"rendered":"<p>[et_pb_section fb_built=&#8220;1&#8243; _builder_version=&#8220;4.17.6&#8243; _module_preset=&#8220;default&#8220; global_colors_info=&#8220;{}&#8220;][et_pb_row use_custom_gutter=&#8220;on&#8220; gutter_width=&#8220;2&#8243; make_equal=&#8220;on&#8220; _builder_version=&#8220;4.16&#8243; _module_preset=&#8220;default&#8220; width=&#8220;90%&#8220; width_tablet=&#8220;90%&#8220; width_phone=&#8220;90%&#8220; width_last_edited=&#8220;on|tablet&#8220; max_width=&#8220;1300px&#8220; max_width_tablet=&#8220;90%&#8220; max_width_phone=&#8220;90%&#8220; max_width_last_edited=&#8220;on|desktop&#8220; custom_padding=&#8220;20px||0px|||&#8220; locked=&#8220;off&#8220; global_colors_info=&#8220;{}&#8220;][et_pb_column type=&#8220;4_4&#8243; _builder_version=&#8220;4.16&#8243; _module_preset=&#8220;default&#8220; global_colors_info=&#8220;{}&#8220;][et_pb_text _builder_version=&#8220;4.16&#8243; _module_preset=&#8220;default&#8220; header_3_font=&#8220;Cormorant||||||||&#8220; header_3_text_align=&#8220;center&#8220; header_3_text_color=&#8220;#000000&#8243; header_3_font_size=&#8220;43px&#8220; custom_padding=&#8220;||34px|||&#8220; header_3_font_size_tablet=&#8220;&#8220; header_3_font_size_phone=&#8220;30px&#8220; header_3_font_size_last_edited=&#8220;on|phone&#8220; header_3_line_height_tablet=&#8220;&#8220; header_3_line_height_phone=&#8220;1.1em&#8220; header_3_line_height_last_edited=&#8220;on|phone&#8220; global_colors_info=&#8220;{}&#8220;]<\/p>\n<h3>Impressionen<\/h3>\n<p>[\/et_pb_text][et_pb_text _builder_version=&#8220;4.17.6&#8243; _module_preset=&#8220;default&#8220; text_font=&#8220;Josefin Sans|300|||||||&#8220; text_text_color=&#8220;#4d4d4d&#8220; text_font_size=&#8220;21px&#8220; text_line_height=&#8220;1.6em&#8220; text_orientation=&#8220;center&#8220; max_width=&#8220;850px&#8220; module_alignment=&#8220;center&#8220; min_height=&#8220;0px&#8220; custom_margin=&#8220;-5px||||false|false&#8220; custom_margin_tablet=&#8220;-15px||||false|false&#8220; custom_margin_phone=&#8220;-15px||||false|false&#8220; custom_margin_last_edited=&#8220;on|phone&#8220; hover_enabled=&#8220;0&#8243; global_colors_info=&#8220;{}&#8220; sticky_enabled=&#8220;0&#8243;]<\/p>\n<p><span>Hier erhalten Sie einen \u00dcberblick \u00fcber die unmittelbare Umgebung sowie einen Eindruck \u00fcber in die Einrichtung unserer Ferienwohnung Edelwei\u00df.\u00a0<\/span><\/p>\n<p><span>\u00a0<\/span><\/p>\n<p>[\/et_pb_text][\/et_pb_column][\/et_pb_row][et_pb_row use_custom_gutter=&#8220;on&#8220; gutter_width=&#8220;2&#8243; _builder_version=&#8220;4.17.6&#8243; _module_preset=&#8220;default&#8220; width=&#8220;100%&#8220; global_colors_info=&#8220;{}&#8220;][et_pb_column type=&#8220;4_4&#8243; _builder_version=&#8220;4.17.6&#8243; _module_preset=&#8220;default&#8220; global_colors_info=&#8220;{}&#8220;][et_pb_gallery gallery_ids=&#8220;23613,23612,23610,23609,23607,23605,23604,23603,23601,23600,23598,23597,23596,23595,23594,23592,23591,23590,23588,23587,23585,23583,23581,23580,23579,23578,23577,20769&#8243; posts_number=&#8220;50&#8243; show_title_and_caption=&#8220;off&#8220; show_pagination=&#8220;off&#8220; _builder_version=&#8220;4.17.6&#8243; _module_preset=&#8220;default&#8220; hover_enabled=&#8220;0&#8243; global_colors_info=&#8220;{}&#8220; sticky_enabled=&#8220;0&#8243;][\/et_pb_gallery][\/et_pb_column][\/et_pb_row][\/et_pb_section]<\/p>\n","protected":false},"excerpt":{"rendered":"<p>ImpressionenHier erhalten Sie einen \u00dcberblick \u00fcber die unmittelbare Umgebung sowie einen Eindruck \u00fcber in die Einrichtung unserer Ferienwohnung Edelwei\u00df.\u00a0 \u00a0<\/p>\n","protected":false},"author":1,"featured_media":0,"parent":0,"menu_order":0,"comment_status":"closed","ping_status":"closed","template":"","meta":{"_et_pb_use_builder":"on","_et_pb_old_content":"","_et_gb_content_width":"","footnotes":""},"class_list":["post-23630","page","type-page","status-publish","hentry"],"_links":{"self":[{"href":"https:\/\/kliffkante-usedom.de\/index.php?rest_route=\/wp\/v2\/pages\/23630","targetHints":{"allow":["GET"]}}],"collection":[{"href":"https:\/\/kliffkante-usedom.de\/index.php?rest_route=\/wp\/v2\/pages"}],"about":[{"href":"https:\/\/kliffkante-usedom.de\/index.php?rest_route=\/wp\/v2\/types\/page"}],"author":[{"embeddable":true,"href":"https:\/\/kliffkante-usedom.de\/index.php?rest_route=\/wp\/v2\/users\/1"}],"replies":[{"embeddable":true,"href":"https:\/\/kliffkante-usedom.de\/index.php?rest_route=%2Fwp%2Fv2%2Fcomments&post=23630"}],"version-history":[{"count":12,"href":"https:\/\/kliffkante-usedom.de\/index.php?rest_route=\/wp\/v2\/pages\/23630\/revisions"}],"predecessor-version":[{"id":23659,"href":"https:\/\/kliffkante-usedom.de\/index.php?rest_route=\/wp\/v2\/pages\/23630\/revisions\/23659"}],"wp:attachment":[{"href":"https:\/\/kliffkante-usedom.de\/index.php?rest_route=%2Fwp%2Fv2%2Fmedia&parent=23630"}],"curies":[{"name":"wp","href":"https:\/\/api.w.org\/{rel}","templated":true}]}}